{"id":9123,"date":"2026-05-09T17:11:08","date_gmt":"2026-05-09T14:11:08","guid":{"rendered":"https:\/\/sumeshi.md\/riscani\/?post_type=product&#038;p=9123"},"modified":"2026-05-09T17:16:08","modified_gmt":"2026-05-09T14:16:08","slug":"wok-soba-shrimps","status":"publish","type":"product","link":"https:\/\/sumeshi.md\/riscani\/product\/wok-soba-shrimps\/","title":{"rendered":"Wok Soba Shrimps"},"content":{"rendered":"","protected":false},"excerpt":{"rendered":"<p class=\"western\">fidea Soba de hri\u0219c\u0103, creve\u021bi, ardei dulce, varz\u0103, morcov, ceap\u0103, ciuperci champignon, ciuperci black fungus, ghimbir, ceap\u0103 verde, sos de soia, sos mirin, susan, piper, ulei de susan<\/p>\n<p class=\"western\" lang=\"ro-MD\">330g<\/p>\n","protected":false},"featured_media":9124,"template":"","meta":[],"product_brand":[],"product_cat":[69],"product_tag":[],"class_list":{"0":"post-9123","1":"product","2":"type-product","3":"status-publish","4":"has-post-thumbnail","6":"product_cat-wok","8":"first","9":"instock","10":"taxable","11":"shipping-taxable","12":"purchasable","13":"product-type-simple"},"yoast_head":"<!-- This site is optimized with the Yoast SEO plugin v27.5 - https:\/\/yoast.com\/product\/yoast-seo-wordpress\/ -->\n<title>Wok Soba Shrimps (Wok) | Sumeshi Riscani<\/title>\n<meta name=\"description\" content=\"Wok Soba Shrimps(fidea Soba de hri\u0219c\u0103, creve\u021bi, ardei dulce, varz\u0103, morcov, ceap\u0103, ciuperci champignon, ciuperci black fungus, ghimbir, ceap\u0103 verde, sos de soia, sos mirin, susan, piper, ulei de susan 330g)128,00&nbsp;MDL | Sumeshi Riscani\" \/>\n<meta name=\"robots\" content=\"index, follow, max-snippet:-1, max-image-preview:large, max-video-preview:-1\" \/>\n<link rel=\"canonical\" href=\"https:\/\/sumeshi.md\/riscani\/product\/wok-soba-shrimps\/\" \/>\n<meta property=\"og:locale\" content=\"ro_RO\" \/>\n<meta property=\"og:type\" content=\"article\" \/>\n<meta property=\"og:title\" content=\"Wok Soba Shrimps (Wok) | Sumeshi Riscani\" \/>\n<meta property=\"og:description\" content=\"Wok Soba Shrimps(fidea Soba de hri\u0219c\u0103, creve\u021bi, ardei dulce, varz\u0103, morcov, ceap\u0103, ciuperci champignon, ciuperci black fungus, ghimbir, ceap\u0103 verde, sos de soia, sos mirin, susan, piper, ulei de susan 330g)128,00&nbsp;MDL | Sumeshi Riscani\" \/>\n<meta property=\"og:url\" content=\"https:\/\/sumeshi.md\/riscani\/product\/wok-soba-shrimps\/\" \/>\n<meta property=\"og:site_name\" content=\"Sumeshi Riscani\" \/>\n<meta property=\"article:publisher\" content=\"https:\/\/www.facebook.com\/sumeshi.md\" \/>\n<meta property=\"article:modified_time\" content=\"2026-05-09T14:16:08+00:00\" \/>\n<meta property=\"og:image\" content=\"https:\/\/sumeshi.md\/riscani\/wp-content\/uploads\/2026\/05\/Wok-Soba-Shrimps.webp\" \/>\n\t<meta property=\"og:image:width\" content=\"1000\" \/>\n\t<meta property=\"og:image:height\" content=\"1000\" \/>\n\t<meta property=\"og:image:type\" content=\"image\/webp\" \/>\n<meta name=\"twitter:card\" content=\"summary_large_image\" \/>\n<meta name=\"twitter:label1\" content=\"Pre\u021b\" \/>\n\t<meta name=\"twitter:data1\" content=\"128,00&nbsp;MDL\" \/>\n\t<meta name=\"twitter:label2\" content=\"Disponibilitate\" \/>\n\t<meta name=\"twitter:data2\" content=\"\u00cen stoc\" \/>\n<script type=\"application\/ld+json\" class=\"yoast-schema-graph\">{\"@context\":\"https:\\\/\\\/schema.org\",\"@graph\":[{\"@type\":[\"WebPage\",\"ItemPage\"],\"@id\":\"https:\\\/\\\/sumeshi.md\\\/riscani\\\/product\\\/wok-soba-shrimps\\\/\",\"url\":\"https:\\\/\\\/sumeshi.md\\\/riscani\\\/product\\\/wok-soba-shrimps\\\/\",\"name\":\"Wok Soba Shrimps (Wok) | Sumeshi Riscani\",\"isPartOf\":{\"@id\":\"https:\\\/\\\/sumeshi.md\\\/riscani\\\/#website\"},\"primaryImageOfPage\":{\"@id\":\"https:\\\/\\\/sumeshi.md\\\/riscani\\\/product\\\/wok-soba-shrimps\\\/#primaryimage\"},\"image\":{\"@id\":\"https:\\\/\\\/sumeshi.md\\\/riscani\\\/product\\\/wok-soba-shrimps\\\/#primaryimage\"},\"thumbnailUrl\":\"https:\\\/\\\/sumeshi.md\\\/riscani\\\/wp-content\\\/uploads\\\/2026\\\/05\\\/Wok-Soba-Shrimps.webp\",\"datePublished\":\"2026-05-09T14:11:08+00:00\",\"dateModified\":\"2026-05-09T14:16:08+00:00\",\"description\":\"Wok Soba Shrimps(fidea Soba de hri\u0219c\u0103, creve\u021bi, ardei dulce, varz\u0103, morcov, ceap\u0103, ciuperci champignon, ciuperci black fungus, ghimbir, ceap\u0103 verde, sos de soia, sos mirin, susan, piper, ulei de susan 330g )128,00&nbsp;MDL | Sumeshi Riscani\",\"breadcrumb\":{\"@id\":\"https:\\\/\\\/sumeshi.md\\\/riscani\\\/product\\\/wok-soba-shrimps\\\/#breadcrumb\"},\"inLanguage\":\"ro-RO\",\"potentialAction\":[{\"@type\":\"ReadAction\",\"target\":[\"https:\\\/\\\/sumeshi.md\\\/riscani\\\/product\\\/wok-soba-shrimps\\\/\"]}]},{\"@type\":\"ImageObject\",\"inLanguage\":\"ro-RO\",\"@id\":\"https:\\\/\\\/sumeshi.md\\\/riscani\\\/product\\\/wok-soba-shrimps\\\/#primaryimage\",\"url\":\"https:\\\/\\\/sumeshi.md\\\/riscani\\\/wp-content\\\/uploads\\\/2026\\\/05\\\/Wok-Soba-Shrimps.webp\",\"contentUrl\":\"https:\\\/\\\/sumeshi.md\\\/riscani\\\/wp-content\\\/uploads\\\/2026\\\/05\\\/Wok-Soba-Shrimps.webp\",\"width\":1000,\"height\":1000,\"caption\":\"Wok Soba Shrimps\"},{\"@type\":\"BreadcrumbList\",\"@id\":\"https:\\\/\\\/sumeshi.md\\\/riscani\\\/product\\\/wok-soba-shrimps\\\/#breadcrumb\",\"itemListElement\":[{\"@type\":\"ListItem\",\"position\":1,\"name\":\"Home\",\"item\":\"https:\\\/\\\/sumeshi.md\\\/riscani\\\/\"},{\"@type\":\"ListItem\",\"position\":2,\"name\":\"Produse\",\"item\":\"https:\\\/\\\/sumeshi.md\\\/riscani\\\/shop\\\/\"},{\"@type\":\"ListItem\",\"position\":3,\"name\":\"Wok Soba Shrimps\"}]},{\"@type\":\"WebSite\",\"@id\":\"https:\\\/\\\/sumeshi.md\\\/riscani\\\/#website\",\"url\":\"https:\\\/\\\/sumeshi.md\\\/riscani\\\/\",\"name\":\"Sumeshi Riscani - Sushi Caf\u0435\u0301 & Asian Shop Chi\u0219in\u0103u (sector R\u00ee\u0219cani)\",\"description\":\"Sumeshi Riscani - Sushi Caf\u0435\u0301 &amp; Asian Shop Chi\u0219in\u0103u (sector R\u00ee\u0219cani)\",\"publisher\":{\"@id\":\"https:\\\/\\\/sumeshi.md\\\/riscani\\\/#organization\"},\"alternateName\":\"Sumeshi Riscani Sushi\",\"potentialAction\":[{\"@type\":\"SearchAction\",\"target\":{\"@type\":\"EntryPoint\",\"urlTemplate\":\"https:\\\/\\\/sumeshi.md\\\/riscani\\\/?s={search_term_string}\"},\"query-input\":{\"@type\":\"PropertyValueSpecification\",\"valueRequired\":true,\"valueName\":\"search_term_string\"}}],\"inLanguage\":\"ro-RO\"},{\"@type\":\"Organization\",\"@id\":\"https:\\\/\\\/sumeshi.md\\\/riscani\\\/#organization\",\"name\":\"Sumeshi Sushi R\u00ee\u0219cani\",\"alternateName\":\"Sumeshi Sushi Asian Shop R\u00ee\u0219cani\",\"url\":\"https:\\\/\\\/sumeshi.md\\\/riscani\\\/\",\"logo\":{\"@type\":\"ImageObject\",\"inLanguage\":\"ro-RO\",\"@id\":\"https:\\\/\\\/sumeshi.md\\\/riscani\\\/#\\\/schema\\\/logo\\\/image\\\/\",\"url\":\"https:\\\/\\\/sumeshi.md\\\/riscani\\\/wp-content\\\/uploads\\\/2024\\\/02\\\/Logo_Sumeshi_square.jpg\",\"contentUrl\":\"https:\\\/\\\/sumeshi.md\\\/riscani\\\/wp-content\\\/uploads\\\/2024\\\/02\\\/Logo_Sumeshi_square.jpg\",\"width\":560,\"height\":560,\"caption\":\"Sumeshi Sushi R\u00ee\u0219cani\"},\"image\":{\"@id\":\"https:\\\/\\\/sumeshi.md\\\/riscani\\\/#\\\/schema\\\/logo\\\/image\\\/\"},\"sameAs\":[\"https:\\\/\\\/www.facebook.com\\\/sumeshi.md\",\"https:\\\/\\\/www.instagram.com\\\/sumeshi.md\\\/\",\"https:\\\/\\\/www.tiktok.com\\\/@sumeshi.md\"]}]}<\/script>\n<meta property=\"product:price:amount\" content=\"128.00\" \/>\n<meta property=\"product:price:currency\" content=\"MDL\" \/>\n<meta property=\"og:availability\" content=\"instock\" \/>\n<meta property=\"product:availability\" content=\"instock\" \/>\n<meta property=\"product:condition\" content=\"new\" \/>\n<!-- \/ Yoast SEO plugin. -->","yoast_head_json":{"title":"Wok Soba Shrimps (Wok) | Sumeshi Riscani","description":"Wok Soba Shrimps(fidea Soba de hri\u0219c\u0103, creve\u021bi, ardei dulce, varz\u0103, morcov, ceap\u0103, ciuperci champignon, ciuperci black fungus, ghimbir, ceap\u0103 verde, sos de soia, sos mirin, susan, piper, ulei de susan 330g)128,00&nbsp;MDL | Sumeshi Riscani","robots":{"index":"index","follow":"follow","max-snippet":"max-snippet:-1","max-image-preview":"max-image-preview:large","max-video-preview":"max-video-preview:-1"},"canonical":"https:\/\/sumeshi.md\/riscani\/product\/wok-soba-shrimps\/","og_locale":"ro_RO","og_type":"article","og_title":"Wok Soba Shrimps (Wok) | Sumeshi Riscani","og_description":"Wok Soba Shrimps(fidea Soba de hri\u0219c\u0103, creve\u021bi, ardei dulce, varz\u0103, morcov, ceap\u0103, ciuperci champignon, ciuperci black fungus, ghimbir, ceap\u0103 verde, sos de soia, sos mirin, susan, piper, ulei de susan 330g)128,00&nbsp;MDL | Sumeshi Riscani","og_url":"https:\/\/sumeshi.md\/riscani\/product\/wok-soba-shrimps\/","og_site_name":"Sumeshi Riscani","article_publisher":"https:\/\/www.facebook.com\/sumeshi.md","article_modified_time":"2026-05-09T14:16:08+00:00","og_image":[{"width":1000,"height":1000,"url":"https:\/\/sumeshi.md\/riscani\/wp-content\/uploads\/2026\/05\/Wok-Soba-Shrimps.webp","type":"image\/webp"}],"twitter_card":"summary_large_image","twitter_misc":{"Pre\u021b":"128,00&nbsp;MDL","Disponibilitate":"\u00cen stoc"},"schema":{"@context":"https:\/\/schema.org","@graph":[{"@type":["WebPage","ItemPage"],"@id":"https:\/\/sumeshi.md\/riscani\/product\/wok-soba-shrimps\/","url":"https:\/\/sumeshi.md\/riscani\/product\/wok-soba-shrimps\/","name":"Wok Soba Shrimps (Wok) | Sumeshi Riscani","isPartOf":{"@id":"https:\/\/sumeshi.md\/riscani\/#website"},"primaryImageOfPage":{"@id":"https:\/\/sumeshi.md\/riscani\/product\/wok-soba-shrimps\/#primaryimage"},"image":{"@id":"https:\/\/sumeshi.md\/riscani\/product\/wok-soba-shrimps\/#primaryimage"},"thumbnailUrl":"https:\/\/sumeshi.md\/riscani\/wp-content\/uploads\/2026\/05\/Wok-Soba-Shrimps.webp","datePublished":"2026-05-09T14:11:08+00:00","dateModified":"2026-05-09T14:16:08+00:00","description":"Wok Soba Shrimps(fidea Soba de hri\u0219c\u0103, creve\u021bi, ardei dulce, varz\u0103, morcov, ceap\u0103, ciuperci champignon, ciuperci black fungus, ghimbir, ceap\u0103 verde, sos de soia, sos mirin, susan, piper, ulei de susan 330g )128,00&nbsp;MDL | Sumeshi Riscani","breadcrumb":{"@id":"https:\/\/sumeshi.md\/riscani\/product\/wok-soba-shrimps\/#breadcrumb"},"inLanguage":"ro-RO","potentialAction":[{"@type":"ReadAction","target":["https:\/\/sumeshi.md\/riscani\/product\/wok-soba-shrimps\/"]}]},{"@type":"ImageObject","inLanguage":"ro-RO","@id":"https:\/\/sumeshi.md\/riscani\/product\/wok-soba-shrimps\/#primaryimage","url":"https:\/\/sumeshi.md\/riscani\/wp-content\/uploads\/2026\/05\/Wok-Soba-Shrimps.webp","contentUrl":"https:\/\/sumeshi.md\/riscani\/wp-content\/uploads\/2026\/05\/Wok-Soba-Shrimps.webp","width":1000,"height":1000,"caption":"Wok Soba Shrimps"},{"@type":"BreadcrumbList","@id":"https:\/\/sumeshi.md\/riscani\/product\/wok-soba-shrimps\/#breadcrumb","itemListElement":[{"@type":"ListItem","position":1,"name":"Home","item":"https:\/\/sumeshi.md\/riscani\/"},{"@type":"ListItem","position":2,"name":"Produse","item":"https:\/\/sumeshi.md\/riscani\/shop\/"},{"@type":"ListItem","position":3,"name":"Wok Soba Shrimps"}]},{"@type":"WebSite","@id":"https:\/\/sumeshi.md\/riscani\/#website","url":"https:\/\/sumeshi.md\/riscani\/","name":"Sumeshi Riscani - Sushi Caf\u0435\u0301 & Asian Shop Chi\u0219in\u0103u (sector R\u00ee\u0219cani)","description":"Sumeshi Riscani - Sushi Caf\u0435\u0301 &amp; Asian Shop Chi\u0219in\u0103u (sector R\u00ee\u0219cani)","publisher":{"@id":"https:\/\/sumeshi.md\/riscani\/#organization"},"alternateName":"Sumeshi Riscani Sushi","potentialAction":[{"@type":"SearchAction","target":{"@type":"EntryPoint","urlTemplate":"https:\/\/sumeshi.md\/riscani\/?s={search_term_string}"},"query-input":{"@type":"PropertyValueSpecification","valueRequired":true,"valueName":"search_term_string"}}],"inLanguage":"ro-RO"},{"@type":"Organization","@id":"https:\/\/sumeshi.md\/riscani\/#organization","name":"Sumeshi Sushi R\u00ee\u0219cani","alternateName":"Sumeshi Sushi Asian Shop R\u00ee\u0219cani","url":"https:\/\/sumeshi.md\/riscani\/","logo":{"@type":"ImageObject","inLanguage":"ro-RO","@id":"https:\/\/sumeshi.md\/riscani\/#\/schema\/logo\/image\/","url":"https:\/\/sumeshi.md\/riscani\/wp-content\/uploads\/2024\/02\/Logo_Sumeshi_square.jpg","contentUrl":"https:\/\/sumeshi.md\/riscani\/wp-content\/uploads\/2024\/02\/Logo_Sumeshi_square.jpg","width":560,"height":560,"caption":"Sumeshi Sushi R\u00ee\u0219cani"},"image":{"@id":"https:\/\/sumeshi.md\/riscani\/#\/schema\/logo\/image\/"},"sameAs":["https:\/\/www.facebook.com\/sumeshi.md","https:\/\/www.instagram.com\/sumeshi.md\/","https:\/\/www.tiktok.com\/@sumeshi.md"]}]},"product_price_amount":"128.00","product_price_currency":"MDL","og_availability":"instock","product_availability":"instock","product_condition":"new"},"_links":{"self":[{"href":"https:\/\/sumeshi.md\/riscani\/wp-json\/wp\/v2\/product\/9123","targetHints":{"allow":["GET"]}}],"collection":[{"href":"https:\/\/sumeshi.md\/riscani\/wp-json\/wp\/v2\/product"}],"about":[{"href":"https:\/\/sumeshi.md\/riscani\/wp-json\/wp\/v2\/types\/product"}],"wp:featuredmedia":[{"embeddable":true,"href":"https:\/\/sumeshi.md\/riscani\/wp-json\/wp\/v2\/media\/9124"}],"wp:attachment":[{"href":"https:\/\/sumeshi.md\/riscani\/wp-json\/wp\/v2\/media?parent=9123"}],"wp:term":[{"taxonomy":"product_brand","embeddable":true,"href":"https:\/\/sumeshi.md\/riscani\/wp-json\/wp\/v2\/product_brand?post=9123"},{"taxonomy":"product_cat","embeddable":true,"href":"https:\/\/sumeshi.md\/riscani\/wp-json\/wp\/v2\/product_cat?post=9123"},{"taxonomy":"product_tag","embeddable":true,"href":"https:\/\/sumeshi.md\/riscani\/wp-json\/wp\/v2\/product_tag?post=9123"}],"curies":[{"name":"wp","href":"https:\/\/api.w.org\/{rel}","templated":true}]}}