{"id":24,"date":"2022-02-23T15:58:32","date_gmt":"2022-02-23T15:58:32","guid":{"rendered":"https:\/\/sumeshi.md\/?page_id=24"},"modified":"2024-02-05T16:05:08","modified_gmt":"2024-02-05T14:05:08","slug":"sushi-cafe-asian-shop-livrare-chisinau","status":"publish","type":"page","link":"https:\/\/sumeshi.md\/ru\/","title":{"rendered":"Sumeshi"},"content":{"rendered":"","protected":false},"excerpt":{"rendered":"","protected":false},"author":1,"featured_media":2994,"parent":0,"menu_order":0,"comment_status":"closed","ping_status":"closed","template":"","meta":{"footnotes":""},"class_list":["post-24","page","type-page","status-publish","has-post-thumbnail","hentry"],"yoast_head":"<!-- This site is optimized with the Yoast SEO plugin v26.3 - https:\/\/yoast.com\/wordpress\/plugins\/seo\/ -->\n<title>Sushi Livrare Chisinau (#1 Caf\u0435 &amp; Asian Shop)<\/title>\n<meta name=\"description\" content=\"La SUMESHI\u00ae g\u0103si\u021bi o gam\u0103 variat\u0103 de sushi, seturi, bucate autentice, b\u0103uturi. Meniu top \u00een local sau livrare sushi Chisinau! Reduceri, cadouri!!!\" \/>\n<meta name=\"robots\" content=\"index, follow, max-snippet:-1, max-image-preview:large, max-video-preview:-1\" \/>\n<link rel=\"canonical\" href=\"https:\/\/sumeshi.md\/ru\/\" \/>\n<meta property=\"og:locale\" content=\"ru_RU\" \/>\n<meta property=\"og:type\" content=\"article\" \/>\n<meta property=\"og:title\" content=\"Sushi Livrare Chisinau (#1 Caf\u0435 &amp; Asian Shop)\" \/>\n<meta property=\"og:description\" content=\"La SUMESHI\u00ae g\u0103si\u021bi o gam\u0103 variat\u0103 de sushi, seturi, bucate autentice, b\u0103uturi. Meniu top \u00een local sau livrare sushi Chisinau! Reduceri, cadouri!!!\" \/>\n<meta property=\"og:url\" content=\"https:\/\/sumeshi.md\/ru\/\" \/>\n<meta property=\"og:site_name\" content=\"Sumeshi\" \/>\n<meta property=\"article:publisher\" content=\"https:\/\/www.facebook.com\/sumeshi.md\" \/>\n<meta property=\"article:modified_time\" content=\"2024-02-05T14:05:08+00:00\" \/>\n<meta property=\"og:image\" content=\"https:\/\/sumeshi.md\/wp-content\/uploads\/2024\/02\/Logo_Sumeshi_square.jpg\" \/>\n\t<meta property=\"og:image:width\" content=\"560\" \/>\n\t<meta property=\"og:image:height\" content=\"560\" \/>\n\t<meta property=\"og:image:type\" content=\"image\/jpeg\" \/>\n<meta name=\"twitter:card\" content=\"summary_large_image\" \/>\n<meta name=\"twitter:label1\" content=\"\u041f\u0440\u0438\u043c\u0435\u0440\u043d\u043e\u0435 \u0432\u0440\u0435\u043c\u044f \u0434\u043b\u044f \u0447\u0442\u0435\u043d\u0438\u044f\" \/>\n\t<meta name=\"twitter:data1\" content=\"8 \u043c\u0438\u043d\u0443\u0442\" \/>\n<script type=\"application\/ld+json\" class=\"yoast-schema-graph\">{\"@context\":\"https:\/\/schema.org\",\"@graph\":[{\"@type\":\"WebPage\",\"@id\":\"https:\/\/sumeshi.md\/\",\"url\":\"https:\/\/sumeshi.md\/\",\"name\":\"Sushi Livrare Chisinau (#1 Caf\u0435 & Asian Shop)\",\"isPartOf\":{\"@id\":\"https:\/\/sumeshi.md\/#website\"},\"primaryImageOfPage\":{\"@id\":\"https:\/\/sumeshi.md\/#primaryimage\"},\"image\":{\"@id\":\"https:\/\/sumeshi.md\/#primaryimage\"},\"thumbnailUrl\":\"https:\/\/sumeshi.md\/wp-content\/uploads\/2024\/02\/Logo_Sumeshi_square.jpg\",\"datePublished\":\"2022-02-23T15:58:32+00:00\",\"dateModified\":\"2024-02-05T14:05:08+00:00\",\"description\":\"La SUMESHI\u00ae g\u0103si\u021bi o gam\u0103 variat\u0103 de sushi, seturi, bucate autentice, b\u0103uturi. Meniu top \u00een local sau livrare sushi Chisinau! Reduceri, cadouri!!!\",\"breadcrumb\":{\"@id\":\"https:\/\/sumeshi.md\/#breadcrumb\"},\"inLanguage\":\"ru-RU\",\"potentialAction\":[{\"@type\":\"ReadAction\",\"target\":[\"https:\/\/sumeshi.md\/\"]}]},{\"@type\":\"ImageObject\",\"inLanguage\":\"ru-RU\",\"@id\":\"https:\/\/sumeshi.md\/#primaryimage\",\"url\":\"https:\/\/sumeshi.md\/wp-content\/uploads\/2024\/02\/Logo_Sumeshi_square.jpg\",\"contentUrl\":\"https:\/\/sumeshi.md\/wp-content\/uploads\/2024\/02\/Logo_Sumeshi_square.jpg\",\"width\":560,\"height\":560,\"caption\":\"Sumeshi Sushi Livrare Chisinau (#1 Caf\u0435 & Asian Shop)\"},{\"@type\":\"BreadcrumbList\",\"@id\":\"https:\/\/sumeshi.md\/#breadcrumb\",\"itemListElement\":[{\"@type\":\"ListItem\",\"position\":1,\"name\":\"Home\",\"item\":\"https:\/\/sumeshi.md\/\"},{\"@type\":\"ListItem\",\"position\":2,\"name\":\"Sumeshi\"}]},{\"@type\":\"WebSite\",\"@id\":\"https:\/\/sumeshi.md\/#website\",\"url\":\"https:\/\/sumeshi.md\/\",\"name\":\"Sumeshi Sushi & Asian Shop\",\"description\":\"Sushi Caf\u0435\u0301 &amp; Asian Shop SUMESHI livrare Chi\u0219in\u0103u\",\"publisher\":{\"@id\":\"https:\/\/sumeshi.md\/#organization\"},\"alternateName\":\"Sumeshi Sushi\",\"potentialAction\":[{\"@type\":\"SearchAction\",\"target\":{\"@type\":\"EntryPoint\",\"urlTemplate\":\"https:\/\/sumeshi.md\/?s={search_term_string}\"},\"query-input\":{\"@type\":\"PropertyValueSpecification\",\"valueRequired\":true,\"valueName\":\"search_term_string\"}}],\"inLanguage\":\"ru-RU\"},{\"@type\":\"Organization\",\"@id\":\"https:\/\/sumeshi.md\/#organization\",\"name\":\"Sumeshi Sushi\",\"alternateName\":\"Sumeshi Sushi Asian Shop\",\"url\":\"https:\/\/sumeshi.md\/\",\"logo\":{\"@type\":\"ImageObject\",\"inLanguage\":\"ru-RU\",\"@id\":\"https:\/\/sumeshi.md\/#\/schema\/logo\/image\/\",\"url\":\"https:\/\/sumeshi.md\/wp-content\/uploads\/2024\/02\/Logo_Sumeshi_square.jpg\",\"contentUrl\":\"https:\/\/sumeshi.md\/wp-content\/uploads\/2024\/02\/Logo_Sumeshi_square.jpg\",\"width\":560,\"height\":560,\"caption\":\"Sumeshi Sushi\"},\"image\":{\"@id\":\"https:\/\/sumeshi.md\/#\/schema\/logo\/image\/\"},\"sameAs\":[\"https:\/\/www.facebook.com\/sumeshi.md\",\"https:\/\/www.instagram.com\/sumeshi.md\/\",\"https:\/\/www.tiktok.com\/@sumeshi.md\"]}]}<\/script>\n<!-- \/ Yoast SEO plugin. -->","yoast_head_json":{"title":"\u0421\u0443\u0448\u0438 \u0414\u043e\u0441\u0442\u0430\u0432\u043a\u0430 \u041a\u0438\u0448\u0438\u043d\u0435\u0432 (#1 Caf\u0435 &amp; Asian Shop)","description":"\u0412 SUMESHI\u00ae \u0448\u0438\u0440\u043e\u043a\u0438\u0439 \u0430\u0441\u0441\u043e\u0440\u0442\u0438\u043c\u0435\u043d\u0442: \u0441\u0443\u0448\u0438, \u0440\u043e\u043b\u043b\u044b, \u0441\u0435\u0442\u044b, \u0430\u0443\u0442\u0435\u043d\u0442\u0438\u0447\u043d\u044b\u0435 \u0431\u043b\u044e\u0434\u0430 \u0438 \u043d\u0430\u043f\u0438\u0442\u043a\u0438. \u0422\u043e\u043f\u043e\u0432\u043e\u0435 \u043c\u0435\u043d\u044e \u0432 \u0437\u0430\u0432\u0435\u0434\u0435\u043d\u0438\u0438 \u0438\u043b\u0438 \u0434\u043e\u0441\u0442\u0430\u0432\u043a\u0430 \u0441\u0443\u0448\u0438 \u041a\u0438\u0448\u0438\u043d\u0435\u0432! \u0421\u043a\u0438\u0434\u043a\u0438, \u043f\u043e\u0434\u0430\u0440\u043a\u0438!!!","robots":{"index":"index","follow":"follow","max-snippet":"max-snippet:-1","max-image-preview":"max-image-preview:large","max-video-preview":"max-video-preview:-1"},"canonical":"https:\/\/sumeshi.md\/ru\/","og_locale":"ru_RU","og_type":"article","og_title":"Sushi Livrare Chisinau (#1 Caf\u0435 & Asian Shop)","og_description":"La SUMESHI\u00ae g\u0103si\u021bi o gam\u0103 variat\u0103 de sushi, seturi, bucate autentice, b\u0103uturi. Meniu top \u00een local sau livrare sushi Chisinau! Reduceri, cadouri!!!","og_url":"https:\/\/sumeshi.md\/ru\/","og_site_name":"Sumeshi","article_publisher":"https:\/\/www.facebook.com\/sumeshi.md","article_modified_time":"2024-02-05T14:05:08+00:00","og_image":[{"width":560,"height":560,"url":"https:\/\/sumeshi.md\/wp-content\/uploads\/2024\/02\/Logo_Sumeshi_square.jpg","type":"image\/jpeg"}],"twitter_card":"summary_large_image","twitter_misc":{"\u041f\u0440\u0438\u043c\u0435\u0440\u043d\u043e\u0435 \u0432\u0440\u0435\u043c\u044f \u0434\u043b\u044f \u0447\u0442\u0435\u043d\u0438\u044f":"8 \u043c\u0438\u043d\u0443\u0442"},"schema":{"@context":"https:\/\/schema.org","@graph":[{"@type":"WebPage","@id":"https:\/\/sumeshi.md\/","url":"https:\/\/sumeshi.md\/","name":"\u0421\u0443\u0448\u0438 \u0414\u043e\u0441\u0442\u0430\u0432\u043a\u0430 \u041a\u0438\u0448\u0438\u043d\u0435\u0432 (#1 Caf\u0435 &amp; Asian Shop)","isPartOf":{"@id":"https:\/\/sumeshi.md\/#website"},"primaryImageOfPage":{"@id":"https:\/\/sumeshi.md\/#primaryimage"},"image":{"@id":"https:\/\/sumeshi.md\/#primaryimage"},"thumbnailUrl":"https:\/\/sumeshi.md\/wp-content\/uploads\/2024\/02\/Logo_Sumeshi_square.jpg","datePublished":"2022-02-23T15:58:32+00:00","dateModified":"2024-02-05T14:05:08+00:00","description":"\u0412 SUMESHI\u00ae \u0448\u0438\u0440\u043e\u043a\u0438\u0439 \u0430\u0441\u0441\u043e\u0440\u0442\u0438\u043c\u0435\u043d\u0442: \u0441\u0443\u0448\u0438, \u0440\u043e\u043b\u043b\u044b, \u0441\u0435\u0442\u044b, \u0430\u0443\u0442\u0435\u043d\u0442\u0438\u0447\u043d\u044b\u0435 \u0431\u043b\u044e\u0434\u0430 \u0438 \u043d\u0430\u043f\u0438\u0442\u043a\u0438. \u0422\u043e\u043f\u043e\u0432\u043e\u0435 \u043c\u0435\u043d\u044e \u0432 \u0437\u0430\u0432\u0435\u0434\u0435\u043d\u0438\u0438 \u0438\u043b\u0438 \u0434\u043e\u0441\u0442\u0430\u0432\u043a\u0430 \u0441\u0443\u0448\u0438 \u041a\u0438\u0448\u0438\u043d\u0435\u0432! \u0421\u043a\u0438\u0434\u043a\u0438, \u043f\u043e\u0434\u0430\u0440\u043a\u0438!!!","breadcrumb":{"@id":"https:\/\/sumeshi.md\/#breadcrumb"},"inLanguage":"ru-RU","potentialAction":[{"@type":"ReadAction","target":["https:\/\/sumeshi.md\/"]}]},{"@type":"ImageObject","inLanguage":"ru-RU","@id":"https:\/\/sumeshi.md\/#primaryimage","url":"https:\/\/sumeshi.md\/wp-content\/uploads\/2024\/02\/Logo_Sumeshi_square.jpg","contentUrl":"https:\/\/sumeshi.md\/wp-content\/uploads\/2024\/02\/Logo_Sumeshi_square.jpg","width":560,"height":560,"caption":"Sumeshi Sushi Livrare Chisinau (#1 Caf\u0435 & Asian Shop)"},{"@type":"BreadcrumbList","@id":"https:\/\/sumeshi.md\/#breadcrumb","itemListElement":[{"@type":"ListItem","position":1,"name":"Home","item":"https:\/\/sumeshi.md\/"},{"@type":"ListItem","position":2,"name":"Sumeshi"}]},{"@type":"WebSite","@id":"https:\/\/sumeshi.md\/#website","url":"https:\/\/sumeshi.md\/","name":"Sumeshi \u041c\u0430\u0433\u0430\u0437\u0438\u043d \u0441\u0443\u0448\u0438 \u0438 \u0430\u0437\u0438\u0430\u0442\u0441\u043a\u043e\u0439 \u043a\u0443\u0445\u043d\u0438","description":"\u0421\u0443\u0448\u0438-\u043a\u0430\u0444\u0435 \u0438 \u0430\u0437\u0438\u0430\u0442\u0441\u043a\u0438\u0439 \u043c\u0430\u0433\u0430\u0437\u0438\u043d SUMESHI \u0434\u043e\u0441\u0442\u0430\u0432\u043a\u0430 Chi\u0219in\u0103u","publisher":{"@id":"https:\/\/sumeshi.md\/#organization"},"alternateName":"Sumeshi Sushi","potentialAction":[{"@type":"SearchAction","target":{"@type":"EntryPoint","urlTemplate":"https:\/\/sumeshi.md\/?s={search_term_string}"},"query-input":{"@type":"PropertyValueSpecification","valueRequired":true,"valueName":"search_term_string"}}],"inLanguage":"ru-RU"},{"@type":"Organization","@id":"https:\/\/sumeshi.md\/#organization","name":"Sumeshi \u0421\u0443\u0448\u0438","alternateName":"Sumeshi Sushi Asian Shop","url":"https:\/\/sumeshi.md\/","logo":{"@type":"ImageObject","inLanguage":"ru-RU","@id":"https:\/\/sumeshi.md\/#\/schema\/logo\/image\/","url":"https:\/\/sumeshi.md\/wp-content\/uploads\/2024\/02\/Logo_Sumeshi_square.jpg","contentUrl":"https:\/\/sumeshi.md\/wp-content\/uploads\/2024\/02\/Logo_Sumeshi_square.jpg","width":560,"height":560,"caption":"Sumeshi Sushi"},"image":{"@id":"https:\/\/sumeshi.md\/#\/schema\/logo\/image\/"},"sameAs":["https:\/\/www.facebook.com\/sumeshi.md","https:\/\/www.instagram.com\/sumeshi.md\/","https:\/\/www.tiktok.com\/@sumeshi.md"]}]}},"_links":{"self":[{"href":"https:\/\/sumeshi.md\/ru\/wp-json\/wp\/v2\/pages\/24","targetHints":{"allow":["GET"]}}],"collection":[{"href":"https:\/\/sumeshi.md\/ru\/wp-json\/wp\/v2\/pages"}],"about":[{"href":"https:\/\/sumeshi.md\/ru\/wp-json\/wp\/v2\/types\/page"}],"author":[{"embeddable":true,"href":"https:\/\/sumeshi.md\/ru\/wp-json\/wp\/v2\/users\/1"}],"replies":[{"embeddable":true,"href":"https:\/\/sumeshi.md\/ru\/wp-json\/wp\/v2\/comments?post=24"}],"version-history":[{"count":3,"href":"https:\/\/sumeshi.md\/ru\/wp-json\/wp\/v2\/pages\/24\/revisions"}],"predecessor-version":[{"id":3022,"href":"https:\/\/sumeshi.md\/ru\/wp-json\/wp\/v2\/pages\/24\/revisions\/3022"}],"wp:featuredmedia":[{"embeddable":true,"href":"https:\/\/sumeshi.md\/ru\/wp-json\/wp\/v2\/media\/2994"}],"wp:attachment":[{"href":"https:\/\/sumeshi.md\/ru\/wp-json\/wp\/v2\/media?parent=24"}],"curies":[{"name":"WP","href":"https:\/\/api.w.org\/{rel}","templated":true}]}}