{"id":7284,"date":"2025-08-16T14:21:16","date_gmt":"2025-08-16T11:21:16","guid":{"rendered":"https:\/\/sumeshi.md\/?post_type=product&#038;p=7284"},"modified":"2025-10-27T21:59:29","modified_gmt":"2025-10-27T19:59:29","slug":"%d1%81%d1%83%d1%88%d0%b8-%d0%b4%d0%be%d0%b3-%d0%be%d1%81%d1%82%d1%80%d1%8b%d0%b9-%d1%81%d1%83%d1%80%d0%b8%d0%bc%d0%b8","status":"publish","type":"product","link":"https:\/\/sumeshi.md\/ru\/%d0%bf%d1%80%d0%be%d0%b4%d1%83%d0%ba%d1%82%d0%b8%d0%b2%d0%bd%d0%be\/%d1%81%d1%83%d1%88%d0%b8-%d0%b4%d0%be%d0%b3-%d0%be%d1%81%d1%82%d1%80%d1%8b%d0%b9-%d1%81%d1%83%d1%80%d0%b8%d0%bc%d0%b8\/","title":{"rendered":"Sushi Dog Spicy Surimi"},"content":{"rendered":"","protected":false},"excerpt":{"rendered":"<p>\u0420\u0438\u0441, \u0432\u043e\u0434\u043e\u0440\u043e\u0441\u043b\u0438 \u043d\u043e\u0440\u0438, \u0441\u0443\u0440\u0438\u043c\u0438, \u0438\u043a\u0440\u0430 \u043c\u0430\u0441\u0430\u0433\u043e, \u043e\u0433\u0443\u0440\u0446\u044b, \u043f\u0430\u043d\u043a\u043e, \u043e\u0441\u0442\u0440\u044b\u0439 \u044f\u043f\u043e\u043d\u0441\u043a\u0438\u0439 \u043c\u0430\u0439\u043e\u043d\u0435\u0437, \u0441\u043e\u0435\u0432\u044b\u0439 \u0441\u043e\u0443\u0441<\/p>\n<p>1 \u0448\u0442., 220 \u0433<\/p>","protected":false},"featured_media":7285,"template":"","meta":[],"product_brand":[],"product_cat":[69],"product_tag":[],"class_list":{"0":"post-7284","1":"product","2":"type-product","3":"status-publish","4":"has-post-thumbnail","6":"product_cat-dogs-burgers","8":"first","9":"instock","10":"shipping-taxable","11":"purchasable","12":"product-type-simple"},"yoast_head":"<!-- This site is optimized with the Yoast SEO plugin v26.3 - https:\/\/yoast.com\/wordpress\/plugins\/seo\/ -->\n<title>Sushi Dog Spicy Surimi (Dogs - Burgers) | Sumeshi<\/title>\n<meta name=\"description\" content=\"Sushi Dog Spicy Surimi(Orez, alge nori, surimi, icre masago, castrave\u021bi, panko, maionez\u0103 japonez\u0103 picant\u0103, sos de soia  1 buc, 220g)98,00&nbsp;MDL | Sumeshi\" \/>\n<meta name=\"robots\" content=\"index, follow, max-snippet:-1, max-image-preview:large, max-video-preview:-1\" \/>\n<link rel=\"canonical\" href=\"https:\/\/sumeshi.md\/ru\/\u043f\u0440\u043e\u0434\u0443\u043a\u0442\u0438\u0432\u043d\u043e\/\u0441\u0443\u0448\u0438-\u0434\u043e\u0433-\u043e\u0441\u0442\u0440\u044b\u0439-\u0441\u0443\u0440\u0438\u043c\u0438\/\" \/>\n<meta property=\"og:locale\" content=\"ru_RU\" \/>\n<meta property=\"og:type\" content=\"article\" \/>\n<meta property=\"og:title\" content=\"Sushi Dog Spicy Surimi (Dogs - Burgers) | Sumeshi\" \/>\n<meta property=\"og:description\" content=\"Sushi Dog Spicy Surimi(Orez, alge nori, surimi, icre masago, castrave\u021bi, panko, maionez\u0103 japonez\u0103 picant\u0103, sos de soia  1 buc, 220g)98,00&nbsp;MDL | Sumeshi\" \/>\n<meta property=\"og:url\" content=\"https:\/\/sumeshi.md\/ru\/\u043f\u0440\u043e\u0434\u0443\u043a\u0442\u0438\u0432\u043d\u043e\/\u0441\u0443\u0448\u0438-\u0434\u043e\u0433-\u043e\u0441\u0442\u0440\u044b\u0439-\u0441\u0443\u0440\u0438\u043c\u0438\/\" \/>\n<meta property=\"og:site_name\" content=\"Sumeshi\" \/>\n<meta property=\"article:publisher\" content=\"https:\/\/www.facebook.com\/sumeshi.md\" \/>\n<meta property=\"article:modified_time\" content=\"2025-10-27T19:59:29+00:00\" \/>\n<meta property=\"og:image\" content=\"https:\/\/sumeshi.md\/wp-content\/uploads\/2025\/08\/Sushi-Dog-Spicy-Surimi.webp\" \/>\n\t<meta property=\"og:image:width\" content=\"1000\" \/>\n\t<meta property=\"og:image:height\" content=\"1000\" \/>\n\t<meta property=\"og:image:type\" content=\"image\/webp\" \/>\n<meta name=\"twitter:card\" content=\"summary_large_image\" \/>\n<meta name=\"twitter:label1\" content=\"\u0426\u0435\u043d\u0430\" \/>\n\t<meta name=\"twitter:data1\" content=\"98,00&nbsp;MDL\" \/>\n\t<meta name=\"twitter:label2\" content=\"\u0414\u043e\u0441\u0442\u0443\u043f\u043d\u043e\u0441\u0442\u044c\" \/>\n\t<meta name=\"twitter:data2\" content=\"\u0412 \u043d\u0430\u043b\u0438\u0447\u0438\u0438\" \/>\n<script type=\"application\/ld+json\" class=\"yoast-schema-graph\">{\"@context\":\"https:\/\/schema.org\",\"@graph\":[{\"@type\":[\"WebPage\",\"ItemPage\"],\"@id\":\"https:\/\/sumeshi.md\/product\/sushi-dog-spicy-surimi\/\",\"url\":\"https:\/\/sumeshi.md\/product\/sushi-dog-spicy-surimi\/\",\"name\":\"Sushi Dog Spicy Surimi (Dogs - Burgers) | Sumeshi\",\"isPartOf\":{\"@id\":\"https:\/\/sumeshi.md\/#website\"},\"primaryImageOfPage\":{\"@id\":\"https:\/\/sumeshi.md\/product\/sushi-dog-spicy-surimi\/#primaryimage\"},\"image\":{\"@id\":\"https:\/\/sumeshi.md\/product\/sushi-dog-spicy-surimi\/#primaryimage\"},\"thumbnailUrl\":\"https:\/\/sumeshi.md\/wp-content\/uploads\/2025\/08\/Sushi-Dog-Spicy-Surimi.webp\",\"datePublished\":\"2025-08-16T11:21:16+00:00\",\"dateModified\":\"2025-10-27T19:59:29+00:00\",\"description\":\"Sushi Dog Spicy Surimi(Orez, alge nori, surimi, icre masago, castrave\u021bi, panko, maionez\u0103 japonez\u0103 picant\u0103, sos de soia 1 buc, 220g)98,00&nbsp;MDL | Sumeshi\",\"breadcrumb\":{\"@id\":\"https:\/\/sumeshi.md\/product\/sushi-dog-spicy-surimi\/#breadcrumb\"},\"inLanguage\":\"ru-RU\",\"potentialAction\":[{\"@type\":\"ReadAction\",\"target\":[\"https:\/\/sumeshi.md\/product\/sushi-dog-spicy-surimi\/\"]}]},{\"@type\":\"ImageObject\",\"inLanguage\":\"ru-RU\",\"@id\":\"https:\/\/sumeshi.md\/product\/sushi-dog-spicy-surimi\/#primaryimage\",\"url\":\"https:\/\/sumeshi.md\/wp-content\/uploads\/2025\/08\/Sushi-Dog-Spicy-Surimi.webp\",\"contentUrl\":\"https:\/\/sumeshi.md\/wp-content\/uploads\/2025\/08\/Sushi-Dog-Spicy-Surimi.webp\",\"width\":1000,\"height\":1000,\"caption\":\"Sushi Dog Spicy Surimi\"},{\"@type\":\"BreadcrumbList\",\"@id\":\"https:\/\/sumeshi.md\/product\/sushi-dog-spicy-surimi\/#breadcrumb\",\"itemListElement\":[{\"@type\":\"ListItem\",\"position\":1,\"name\":\"Home\",\"item\":\"https:\/\/sumeshi.md\/\"},{\"@type\":\"ListItem\",\"position\":2,\"name\":\"Produse\",\"item\":\"https:\/\/sumeshi.md\/shop\/\"},{\"@type\":\"ListItem\",\"position\":3,\"name\":\"Sushi Dog Spicy Surimi\"}]},{\"@type\":\"WebSite\",\"@id\":\"https:\/\/sumeshi.md\/#website\",\"url\":\"https:\/\/sumeshi.md\/\",\"name\":\"Sumeshi Sushi & Asian Shop\",\"description\":\"Sushi Caf\u0435\u0301 &amp; Asian Shop SUMESHI livrare Chi\u0219in\u0103u\",\"publisher\":{\"@id\":\"https:\/\/sumeshi.md\/#organization\"},\"alternateName\":\"Sumeshi Sushi\",\"potentialAction\":[{\"@type\":\"SearchAction\",\"target\":{\"@type\":\"EntryPoint\",\"urlTemplate\":\"https:\/\/sumeshi.md\/?s={search_term_string}\"},\"query-input\":{\"@type\":\"PropertyValueSpecification\",\"valueRequired\":true,\"valueName\":\"search_term_string\"}}],\"inLanguage\":\"ru-RU\"},{\"@type\":\"Organization\",\"@id\":\"https:\/\/sumeshi.md\/#organization\",\"name\":\"Sumeshi Sushi\",\"alternateName\":\"Sumeshi Sushi Asian Shop\",\"url\":\"https:\/\/sumeshi.md\/\",\"logo\":{\"@type\":\"ImageObject\",\"inLanguage\":\"ru-RU\",\"@id\":\"https:\/\/sumeshi.md\/#\/schema\/logo\/image\/\",\"url\":\"https:\/\/sumeshi.md\/wp-content\/uploads\/2024\/02\/Logo_Sumeshi_square.jpg\",\"contentUrl\":\"https:\/\/sumeshi.md\/wp-content\/uploads\/2024\/02\/Logo_Sumeshi_square.jpg\",\"width\":560,\"height\":560,\"caption\":\"Sumeshi Sushi\"},\"image\":{\"@id\":\"https:\/\/sumeshi.md\/#\/schema\/logo\/image\/\"},\"sameAs\":[\"https:\/\/www.facebook.com\/sumeshi.md\",\"https:\/\/www.instagram.com\/sumeshi.md\/\",\"https:\/\/www.tiktok.com\/@sumeshi.md\"]}]}<\/script>\n<meta property=\"product:price:amount\" content=\"98.00\" \/>\n<meta property=\"product:price:currency\" content=\"MDL\" \/>\n<meta property=\"og:availability\" content=\"instock\" \/>\n<meta property=\"product:availability\" content=\"instock\" \/>\n<meta property=\"product:condition\" content=\"new\" \/>\n<!-- \/ Yoast SEO plugin. -->","yoast_head_json":{"title":"\u0421\u0443\u0448\u0438 \u0414\u043e\u0433 \u041e\u0441\u0442\u0440\u044b\u0439 \u0421\u0443\u0440\u0438\u043c\u0438 (\u0421\u043e\u0431\u0430\u043a\u0438 - \u0411\u0443\u0440\u0433\u0435\u0440\u044b) | Sumeshi","description":"\u0421\u0443\u0448\u0438 \u0414\u043e\u0433 \u041e\u0441\u0442\u0440\u044b\u0439 \u0421\u0443\u0440\u0438\u043c\u0438 (\u0420\u0438\u0441, \u0432\u043e\u0434\u043e\u0440\u043e\u0441\u043b\u0438 \u043d\u043e\u0440\u0438, \u0441\u0443\u0440\u0438\u043c\u0438, \u0438\u043a\u0440\u0430 \u043c\u0430\u0441\u0430\u0433\u043e, \u043e\u0433\u0443\u0440\u0435\u0446, \u043f\u0430\u043d\u043a\u043e, \u043e\u0441\u0442\u0440\u044b\u0439 \u044f\u043f\u043e\u043d\u0441\u043a\u0438\u0439 \u043c\u0430\u0439\u043e\u043d\u0435\u0437, \u0441\u043e\u0435\u0432\u044b\u0439 \u0441\u043e\u0443\u0441 1 \u0448\u0442., 220 \u0433) 98.00 MDL | Sumeshi","robots":{"index":"index","follow":"follow","max-snippet":"max-snippet:-1","max-image-preview":"max-image-preview:large","max-video-preview":"max-video-preview:-1"},"canonical":"https:\/\/sumeshi.md\/ru\/\u043f\u0440\u043e\u0434\u0443\u043a\u0442\u0438\u0432\u043d\u043e\/\u0441\u0443\u0448\u0438-\u0434\u043e\u0433-\u043e\u0441\u0442\u0440\u044b\u0439-\u0441\u0443\u0440\u0438\u043c\u0438\/","og_locale":"ru_RU","og_type":"article","og_title":"Sushi Dog Spicy Surimi (Dogs - Burgers) | Sumeshi","og_description":"Sushi Dog Spicy Surimi(Orez, alge nori, surimi, icre masago, castrave\u021bi, panko, maionez\u0103 japonez\u0103 picant\u0103, sos de soia  1 buc, 220g)98,00&nbsp;MDL | Sumeshi","og_url":"https:\/\/sumeshi.md\/ru\/\u043f\u0440\u043e\u0434\u0443\u043a\u0442\u0438\u0432\u043d\u043e\/\u0441\u0443\u0448\u0438-\u0434\u043e\u0433-\u043e\u0441\u0442\u0440\u044b\u0439-\u0441\u0443\u0440\u0438\u043c\u0438\/","og_site_name":"Sumeshi","article_publisher":"https:\/\/www.facebook.com\/sumeshi.md","article_modified_time":"2025-10-27T19:59:29+00:00","og_image":[{"width":1000,"height":1000,"url":"https:\/\/sumeshi.md\/wp-content\/uploads\/2025\/08\/Sushi-Dog-Spicy-Surimi.webp","type":"image\/webp"}],"twitter_card":"summary_large_image","twitter_misc":{"\u0426\u0435\u043d\u0430":"98,00&nbsp;MDL","\u0414\u043e\u0441\u0442\u0443\u043f\u043d\u043e\u0441\u0442\u044c":"\u0412 \u043d\u0430\u043b\u0438\u0447\u0438\u0438"},"schema":{"@context":"https:\/\/schema.org","@graph":[{"@type":["WebPage","ItemPage"],"@id":"https:\/\/sumeshi.md\/product\/sushi-dog-spicy-surimi\/","url":"https:\/\/sumeshi.md\/product\/sushi-dog-spicy-surimi\/","name":"\u0421\u0443\u0448\u0438 \u0414\u043e\u0433 \u041e\u0441\u0442\u0440\u044b\u0439 \u0421\u0443\u0440\u0438\u043c\u0438 (\u0421\u043e\u0431\u0430\u043a\u0438 - \u0411\u0443\u0440\u0433\u0435\u0440\u044b) | Sumeshi","isPartOf":{"@id":"https:\/\/sumeshi.md\/#website"},"primaryImageOfPage":{"@id":"https:\/\/sumeshi.md\/product\/sushi-dog-spicy-surimi\/#primaryimage"},"image":{"@id":"https:\/\/sumeshi.md\/product\/sushi-dog-spicy-surimi\/#primaryimage"},"thumbnailUrl":"https:\/\/sumeshi.md\/wp-content\/uploads\/2025\/08\/Sushi-Dog-Spicy-Surimi.webp","datePublished":"2025-08-16T11:21:16+00:00","dateModified":"2025-10-27T19:59:29+00:00","description":"\u0421\u0443\u0448\u0438 \u0414\u043e\u0433 \u041e\u0441\u0442\u0440\u044b\u0439 \u0421\u0443\u0440\u0438\u043c\u0438 (\u0420\u0438\u0441, \u0432\u043e\u0434\u043e\u0440\u043e\u0441\u043b\u0438 \u043d\u043e\u0440\u0438, \u0441\u0443\u0440\u0438\u043c\u0438, \u0438\u043a\u0440\u0430 \u043c\u0430\u0441\u0430\u0433\u043e, \u043e\u0433\u0443\u0440\u0435\u0446, \u043f\u0430\u043d\u043a\u043e, \u043e\u0441\u0442\u0440\u044b\u0439 \u044f\u043f\u043e\u043d\u0441\u043a\u0438\u0439 \u043c\u0430\u0439\u043e\u043d\u0435\u0437, \u0441\u043e\u0435\u0432\u044b\u0439 \u0441\u043e\u0443\u0441 1 \u0448\u0442., 220 \u0433) 98.00 MDL | Sumeshi","breadcrumb":{"@id":"https:\/\/sumeshi.md\/product\/sushi-dog-spicy-surimi\/#breadcrumb"},"inLanguage":"ru-RU","potentialAction":[{"@type":"ReadAction","target":["https:\/\/sumeshi.md\/product\/sushi-dog-spicy-surimi\/"]}]},{"@type":"ImageObject","inLanguage":"ru-RU","@id":"https:\/\/sumeshi.md\/product\/sushi-dog-spicy-surimi\/#primaryimage","url":"https:\/\/sumeshi.md\/wp-content\/uploads\/2025\/08\/Sushi-Dog-Spicy-Surimi.webp","contentUrl":"https:\/\/sumeshi.md\/wp-content\/uploads\/2025\/08\/Sushi-Dog-Spicy-Surimi.webp","width":1000,"height":1000,"caption":"Sushi Dog Spicy Surimi"},{"@type":"BreadcrumbList","@id":"https:\/\/sumeshi.md\/product\/sushi-dog-spicy-surimi\/#breadcrumb","itemListElement":[{"@type":"ListItem","position":1,"name":"Home","item":"https:\/\/sumeshi.md\/"},{"@type":"ListItem","position":2,"name":"Produse","item":"https:\/\/sumeshi.md\/shop\/"},{"@type":"ListItem","position":3,"name":"Sushi Dog Spicy Surimi"}]},{"@type":"WebSite","@id":"https:\/\/sumeshi.md\/#website","url":"https:\/\/sumeshi.md\/","name":"Sumeshi \u041c\u0430\u0433\u0430\u0437\u0438\u043d \u0441\u0443\u0448\u0438 \u0438 \u0430\u0437\u0438\u0430\u0442\u0441\u043a\u043e\u0439 \u043a\u0443\u0445\u043d\u0438","description":"\u0421\u0443\u0448\u0438-\u043a\u0430\u0444\u0435 \u0438 \u0430\u0437\u0438\u0430\u0442\u0441\u043a\u0438\u0439 \u043c\u0430\u0433\u0430\u0437\u0438\u043d SUMESHI \u0434\u043e\u0441\u0442\u0430\u0432\u043a\u0430 Chi\u0219in\u0103u","publisher":{"@id":"https:\/\/sumeshi.md\/#organization"},"alternateName":"Sumeshi Sushi","potentialAction":[{"@type":"SearchAction","target":{"@type":"EntryPoint","urlTemplate":"https:\/\/sumeshi.md\/?s={search_term_string}"},"query-input":{"@type":"PropertyValueSpecification","valueRequired":true,"valueName":"search_term_string"}}],"inLanguage":"ru-RU"},{"@type":"Organization","@id":"https:\/\/sumeshi.md\/#organization","name":"Sumeshi \u0421\u0443\u0448\u0438","alternateName":"Sumeshi Sushi Asian Shop","url":"https:\/\/sumeshi.md\/","logo":{"@type":"ImageObject","inLanguage":"ru-RU","@id":"https:\/\/sumeshi.md\/#\/schema\/logo\/image\/","url":"https:\/\/sumeshi.md\/wp-content\/uploads\/2024\/02\/Logo_Sumeshi_square.jpg","contentUrl":"https:\/\/sumeshi.md\/wp-content\/uploads\/2024\/02\/Logo_Sumeshi_square.jpg","width":560,"height":560,"caption":"Sumeshi Sushi"},"image":{"@id":"https:\/\/sumeshi.md\/#\/schema\/logo\/image\/"},"sameAs":["https:\/\/www.facebook.com\/sumeshi.md","https:\/\/www.instagram.com\/sumeshi.md\/","https:\/\/www.tiktok.com\/@sumeshi.md"]}]},"product_price_amount":"98.00","product_price_currency":"MDL","og_availability":"instock","product_availability":"instock","product_condition":"new"},"_links":{"self":[{"href":"https:\/\/sumeshi.md\/ru\/wp-json\/wp\/v2\/product\/7284","targetHints":{"allow":["GET"]}}],"collection":[{"href":"https:\/\/sumeshi.md\/ru\/wp-json\/wp\/v2\/product"}],"about":[{"href":"https:\/\/sumeshi.md\/ru\/wp-json\/wp\/v2\/types\/product"}],"wp:featuredmedia":[{"embeddable":true,"href":"https:\/\/sumeshi.md\/ru\/wp-json\/wp\/v2\/media\/7285"}],"wp:attachment":[{"href":"https:\/\/sumeshi.md\/ru\/wp-json\/wp\/v2\/media?parent=7284"}],"wp:term":[{"taxonomy":"product_brand","embeddable":true,"href":"https:\/\/sumeshi.md\/ru\/wp-json\/wp\/v2\/product_brand?post=7284"},{"taxonomy":"product_cat","embeddable":true,"href":"https:\/\/sumeshi.md\/ru\/wp-json\/wp\/v2\/product_cat?post=7284"},{"taxonomy":"product_tag","embeddable":true,"href":"https:\/\/sumeshi.md\/ru\/wp-json\/wp\/v2\/product_tag?post=7284"}],"curies":[{"name":"WP","href":"https:\/\/api.w.org\/{rel}","templated":true}]}}